{"id":30007,"date":"2021-12-04T22:15:28","date_gmt":"2021-12-04T22:15:28","guid":{"rendered":"https:\/\/www.tinnas.com\/?post_type=product&#038;p=30007"},"modified":"2023-12-06T00:34:46","modified_gmt":"2023-12-06T00:34:46","slug":"trio-gourmet","status":"publish","type":"product","link":"https:\/\/www.tinnas.com\/?product=trio-gourmet","title":{"rendered":"Trio gourmet"},"content":{"rendered":"<p>Presented in a basket, Red wine &#8220;Quinta da defesa&#8221; 75cl, Ros\u00e9 wine &#8220;Quinta da defesa&#8221; 75cl, White wine &#8220;Quinta da defesa&#8221; 75cl, Sheep cheese &#8220;Queijo S.Juli\u00e3o&#8221;, Goat cheese &#8220;Palhais&#8221;, Smoked ham &#8220;Damatta&#8221;, P\u00e2t\u00e9 ,Green olives p\u00e2t\u00e9 and Extra virgin olive oil &#8220;Herdade do Espor\u00e3o&#8221; 500ml.<\/p>\n<p><em>This gift will truly &#8220;wow&#8221; them from the first sight to the last bite !<\/em><\/p>\n","protected":false},"excerpt":{"rendered":"<p>Presented in a basket, Red wine &#8220;Quinta da defesa&#8221; 75cl, Ros\u00e9 wine &#8220;Quinta da defesa&#8221; 75cl, White wine &#8220;Quinta da defesa&#8221; 75cl, Sheep cheese &#8220;Queijo S.Juli\u00e3o&#8221;, Goat cheese &#8220;Palhais&#8221;, Smoked ham &#8220;Damatta&#8221;, P\u00e2t\u00e9 ,Green olives p\u00e2t\u00e9 and Extra virgin olive oil &#8220;Herdade do Espor\u00e3o&#8221; 500ml.<\/p>\n<p><em>This gift will truly &#8220;wow&#8221; them from the first sight to the last bite !<\/em><\/p>\n","protected":false},"featured_media":30008,"template":"","meta":[],"product_brand":[],"product_cat":[66,141,123],"product_tag":[],"class_list":{"0":"post-30007","1":"product","2":"type-product","3":"status-publish","4":"has-post-thumbnail","6":"product_cat-christmas","7":"product_cat-christmas-hampers","8":"product_cat-hampers","11":"first","12":"instock","13":"shipping-taxable","14":"purchasable","15":"product-type-simple"},"jetpack_sharing_enabled":true,"_links":{"self":[{"href":"https:\/\/www.tinnas.com\/index.php?rest_route=\/wp\/v2\/product\/30007","targetHints":{"allow":["GET"]}}],"collection":[{"href":"https:\/\/www.tinnas.com\/index.php?rest_route=\/wp\/v2\/product"}],"about":[{"href":"https:\/\/www.tinnas.com\/index.php?rest_route=\/wp\/v2\/types\/product"}],"version-history":[{"count":1,"href":"https:\/\/www.tinnas.com\/index.php?rest_route=\/wp\/v2\/product\/30007\/revisions"}],"predecessor-version":[{"id":30009,"href":"https:\/\/www.tinnas.com\/index.php?rest_route=\/wp\/v2\/product\/30007\/revisions\/30009"}],"wp:featuredmedia":[{"embeddable":true,"href":"https:\/\/www.tinnas.com\/index.php?rest_route=\/wp\/v2\/media\/30008"}],"wp:attachment":[{"href":"https:\/\/www.tinnas.com\/index.php?rest_route=%2Fwp%2Fv2%2Fmedia&parent=30007"}],"wp:term":[{"taxonomy":"product_brand","embeddable":true,"href":"https:\/\/www.tinnas.com\/index.php?rest_route=%2Fwp%2Fv2%2Fproduct_brand&post=30007"},{"taxonomy":"product_cat","embeddable":true,"href":"https:\/\/www.tinnas.com\/index.php?rest_route=%2Fwp%2Fv2%2Fproduct_cat&post=30007"},{"taxonomy":"product_tag","embeddable":true,"href":"https:\/\/www.tinnas.com\/index.php?rest_route=%2Fwp%2Fv2%2Fproduct_tag&post=30007"}],"curies":[{"name":"wp","href":"https:\/\/api.w.org\/{rel}","templated":true}]}}