{"id":30000,"date":"2021-12-04T22:04:18","date_gmt":"2021-12-04T22:04:18","guid":{"rendered":"https:\/\/www.tinnas.com\/?post_type=product&#038;p=30000"},"modified":"2024-12-19T17:09:35","modified_gmt":"2024-12-19T17:09:35","slug":"portugal-gourmet","status":"publish","type":"product","link":"https:\/\/www.tinnas.com\/?product=portugal-gourmet","title":{"rendered":"Portugal Gourmet"},"content":{"rendered":"<p>Presented in a basket,Red wine &#8220;Vinha da Defesa&#8221; 75cl Alentejo region, White wine &#8220;Vinha da Defesa&#8221; 75cl Alentejo region, Piripiri-Hot chillies in olive oil &#8220;Quinta da Av\u00f3&#8221;,pat\u00e9, Smoked ham sliced &#8220;Damatta&#8221;, Chouri\u00e7o sausage &#8220;Barrancos&#8221; 200gr, Buttery cheese &#8220;Seia&#8221;.<br \/>\n<br \/><em>Bring the tastes of Portugal to any home or office.<\/em><\/p>\n","protected":false},"excerpt":{"rendered":"<p>Presented in a basket,Red wine &#8220;Vinha da Defesa&#8221; 75cl Alentejo region, White wine &#8220;Vinha da Defesa&#8221; 75cl Alentejo region, Piripiri-Hot chillies in olive oil &#8220;Quinta da Av\u00f3&#8221;,pat\u00e9, Smoked ham sliced &#8220;Damatta&#8221;, Chouri\u00e7o sausage &#8220;Barrancos&#8221;, Buttery cheese &#8220;Seia&#8221; and mini toasts.<br \/>\n<br \/><em>Bring the tastes of Portugal to any home or office.<\/em><\/p>\n","protected":false},"featured_media":29962,"template":"","meta":[],"product_brand":[],"product_cat":[66,141,123],"product_tag":[],"class_list":{"0":"post-30000","1":"product","2":"type-product","3":"status-publish","4":"has-post-thumbnail","6":"product_cat-christmas","7":"product_cat-christmas-hampers","8":"product_cat-hampers","11":"first","12":"instock","13":"shipping-taxable","14":"purchasable","15":"product-type-simple"},"jetpack_sharing_enabled":true,"_links":{"self":[{"href":"https:\/\/www.tinnas.com\/index.php?rest_route=\/wp\/v2\/product\/30000","targetHints":{"allow":["GET"]}}],"collection":[{"href":"https:\/\/www.tinnas.com\/index.php?rest_route=\/wp\/v2\/product"}],"about":[{"href":"https:\/\/www.tinnas.com\/index.php?rest_route=\/wp\/v2\/types\/product"}],"version-history":[{"count":1,"href":"https:\/\/www.tinnas.com\/index.php?rest_route=\/wp\/v2\/product\/30000\/revisions"}],"predecessor-version":[{"id":30001,"href":"https:\/\/www.tinnas.com\/index.php?rest_route=\/wp\/v2\/product\/30000\/revisions\/30001"}],"wp:featuredmedia":[{"embeddable":true,"href":"https:\/\/www.tinnas.com\/index.php?rest_route=\/wp\/v2\/media\/29962"}],"wp:attachment":[{"href":"https:\/\/www.tinnas.com\/index.php?rest_route=%2Fwp%2Fv2%2Fmedia&parent=30000"}],"wp:term":[{"taxonomy":"product_brand","embeddable":true,"href":"https:\/\/www.tinnas.com\/index.php?rest_route=%2Fwp%2Fv2%2Fproduct_brand&post=30000"},{"taxonomy":"product_cat","embeddable":true,"href":"https:\/\/www.tinnas.com\/index.php?rest_route=%2Fwp%2Fv2%2Fproduct_cat&post=30000"},{"taxonomy":"product_tag","embeddable":true,"href":"https:\/\/www.tinnas.com\/index.php?rest_route=%2Fwp%2Fv2%2Fproduct_tag&post=30000"}],"curies":[{"name":"wp","href":"https:\/\/api.w.org\/{rel}","templated":true}]}}